{"id":2,"date":"2022-06-06T14:12:05","date_gmt":"2022-06-06T14:12:05","guid":{"rendered":"http:\/\/agrorimtex.com\/?page_id=2"},"modified":"2022-12-25T12:09:35","modified_gmt":"2022-12-25T12:09:35","slug":"sample-page","status":"publish","type":"page","link":"https:\/\/agrorimtex.com\/?page_id=2","title":{"rendered":"Hakk\u0131m\u0131zda"},"content":{"rendered":"\n<h2 class=\"wp-block-heading\"><strong>Logomuz Neden Ba\u015fak?<\/strong><\/h2>\n\n\n\n<p class=\"has-medium-font-size\">Bir ba\u015fak tanesinden d\u00f6k\u00fclen her bir tane topra\u011fa d\u00fc\u015ft\u00fckten sonra yeni bir ba\u015fa\u011fa d\u00f6n\u00fc\u015f\u00fcr, bir ba\u015faktan y\u00fczlerce yeni ba\u015faklar elde edilir. Bereketin sembol\u00fcd\u00fcr.<\/p>\n\n\n\n<p class=\"has-medium-font-size\">Bu\u011fday ba\u015faklar\u0131 sembol dilinde ise esneklik ve uyum yasas\u0131n\u0131 simgeler.<\/p>\n\n\n\n<p class=\"has-medium-font-size\">Ba\u015faklar, esneklikleri ve e\u011fim g\u00fc\u00e7leri nedeniyle her t\u00fcrl\u00fc f\u0131rt\u0131naya dayan\u0131kl\u0131d\u0131rlar ve t\u00fcm g\u00fc\u00e7l\u00fcklere ra\u011fmen daima ayakta kal\u0131rlar.<\/p>\n\n\n\n<p class=\"has-medium-font-size\">Esnekli\u011fi en g\u00fczel bu\u011fday ba\u015faklar\u0131 sembolize ederler. Esneklik ve uyum bir \u015fuur faaliyeti oldu\u011fundan bireyin uyan\u0131\u015f\u0131nda b\u00fcy\u00fck etkisi vard\u0131r.<\/p>\n\n\n\n<p class=\"has-medium-font-size\">Zorlay\u0131c\u0131 olaylara kar\u015f\u0131 g\u00f6sterilen esneklik ve uyum s\u00fcreci; \u015fuurun uyan\u0131\u015f\u0131na ve ayakta kalmaya hizmet etti\u011fi i\u00e7in \u00f6nemli bir s\u00fcre\u00e7tir.<\/p>\n\n\n\n<p class=\"has-medium-font-size\">Bu\u011fday ba\u015faklar\u0131 spirit\u00fcel olarak zor ko\u015fullarda esneyerek sabretmek, ayakta kalmak, k\u0131r\u0131lmadan da\u011f\u0131lmadan zorluklara uyum g\u00f6stermek anlam\u0131n\u0131 ta\u015f\u0131r.<\/p>\n\n\n\n<p class=\"has-medium-font-size\">Bu\u011fday ba\u015faklar\u0131n\u0131n r\u00fczgarda esneyerek k\u0131r\u0131lmadan dayanabilmesi ve r\u00fczgar bitince yine dik durmas\u0131 onlar\u0131n esneme g\u00fcc\u00fcn\u00fcn \u00e7ok y\u00fcksek oldu\u011funun bir g\u00f6stergesidir ve insan i\u00e7in de ilham kayna\u011f\u0131d\u0131r.<\/p>\n\n\n\n<p class=\"has-medium-font-size\">Ba\u015fak b\u00fcy\u00fcd\u00fck\u00e7e boynu e\u011filir buda tevazu\u2019yu simgeler.<\/p>\n\n\n\n<p class=\"has-medium-font-size\">Berekettir, bolluktur, birlikteliktir, beraber olmakt\u0131r.<\/p>\n\n\n\n<p class=\"has-medium-font-size\">Beraber olaca\u011f\u0131z, birlikte kazan\u0131p b\u00fcy\u00fcyece\u011fiz, kendimizi, payda\u015flar\u0131m\u0131z\u0131 doyuraca\u011f\u0131z ve tevazu&#8217;dan vazge\u00e7meyece\u011fiz.<\/p>\n","protected":false},"excerpt":{"rendered":"<p>Logomuz Neden Ba\u015fak? Bir ba\u015fak tanesinden d\u00f6k\u00fclen her bir tane topra\u011fa d\u00fc\u015ft\u00fckten sonra yeni bir ba\u015fa\u011fa d\u00f6n\u00fc\u015f\u00fcr, bir ba\u015faktan y\u00fczlerce yeni ba\u015faklar elde edilir. Bereketin sembol\u00fcd\u00fcr. Bu\u011fday ba\u015faklar\u0131 sembol dilinde &#8230;<\/p>\n","protected":false},"author":1,"featured_media":0,"parent":0,"menu_order":0,"comment_status":"closed","ping_status":"open","template":"","meta":{"footnotes":""},"class_list":["post-2","page","type-page","status-publish","hentry"],"_links":{"self":[{"href":"https:\/\/agrorimtex.com\/index.php?rest_route=\/wp\/v2\/pages\/2","targetHints":{"allow":["GET"]}}],"collection":[{"href":"https:\/\/agrorimtex.com\/index.php?rest_route=\/wp\/v2\/pages"}],"about":[{"href":"https:\/\/agrorimtex.com\/index.php?rest_route=\/wp\/v2\/types\/page"}],"author":[{"embeddable":true,"href":"https:\/\/agrorimtex.com\/index.php?rest_route=\/wp\/v2\/users\/1"}],"replies":[{"embeddable":true,"href":"https:\/\/agrorimtex.com\/index.php?rest_route=%2Fwp%2Fv2%2Fcomments&post=2"}],"version-history":[{"count":8,"href":"https:\/\/agrorimtex.com\/index.php?rest_route=\/wp\/v2\/pages\/2\/revisions"}],"predecessor-version":[{"id":1491,"href":"https:\/\/agrorimtex.com\/index.php?rest_route=\/wp\/v2\/pages\/2\/revisions\/1491"}],"wp:attachment":[{"href":"https:\/\/agrorimtex.com\/index.php?rest_route=%2Fwp%2Fv2%2Fmedia&parent=2"}],"curies":[{"name":"wp","href":"https:\/\/api.w.org\/{rel}","templated":true}]}}